{"id":690,"date":"2026-03-29T13:06:53","date_gmt":"2026-03-29T13:06:53","guid":{"rendered":"https:\/\/josworking.cz\/?page_id=690"},"modified":"2026-04-02T05:03:38","modified_gmt":"2026-04-02T05:03:38","slug":"autorske-clanky","status":"publish","type":"page","link":"https:\/\/josworking.cz\/?page_id=690","title":{"rendered":"Autorsk\u00e9 \u010dl\u00e1nky"},"content":{"rendered":"\t\t<div data-elementor-type=\"wp-page\" data-elementor-id=\"690\" class=\"elementor elementor-690\">\n\t\t\t\t<div class=\"elementor-element elementor-element-57b8479 e-flex e-con-boxed e-con e-parent\" data-id=\"57b8479\" data-element_type=\"container\">\n\t\t\t\t\t<div class=\"e-con-inner\">\n\t\t\t\t<div class=\"elementor-element elementor-element-1a48565 elementor-widget elementor-widget-heading\" data-id=\"1a48565\" data-element_type=\"widget\" data-widget_type=\"heading.default\">\n\t\t\t\t<div class=\"elementor-widget-container\">\n\t\t\t\t\t<h2 class=\"elementor-heading-title elementor-size-default\">Autorsk\u00e9 \u010dl\u00e1nky<\/h2>\t\t\t\t<\/div>\n\t\t\t\t<\/div>\n\t\t\t\t\t<\/div>\n\t\t\t\t<\/div>\n\t\t<div class=\"elementor-element elementor-element-69c3c96 e-flex e-con-boxed e-con e-parent\" data-id=\"69c3c96\" data-element_type=\"container\">\n\t\t\t\t\t<div class=\"e-con-inner\">\n\t\t\t\t<div class=\"elementor-element elementor-element-cd63138 elementor-widget elementor-widget-text-editor\" data-id=\"cd63138\" data-element_type=\"widget\" data-widget_type=\"text-editor.default\">\n\t\t\t\t<div class=\"elementor-widget-container\">\n\t\t\t\t\t\t\t\t\t<p>9\u00a0<a href=\"https:\/\/www.spolek-historiesuchdola.cz\/wp-content\/uploads\/2024\/12\/SL_04_web-16-scaled.jpg\" target=\"_blank\" rel=\"noreferrer noopener\">Obnova Brandejsova dvora ji\u017e \u017eije v projektech<\/a><br \/>\u2026J. J\u00e1nsk\u00fd, SL 2024\/4, str. 16.<br \/>8\u00a0<a href=\"https:\/\/www.spolek-historiesuchdola.cz\/wp-content\/uploads\/2024\/06\/Zachrana-statku-aktual-SL-2-2024-15-16.pdf\" target=\"_blank\" rel=\"noreferrer noopener\">Z\u00e1chrana Brandejsova dvora\u2013aktu\u00e1ln\u00ed v\u00fdvoj<\/a><br \/>\u2026H. B\u00ednov\u00e1, P. Wendelov\u00e1, SL 2024\/2, str. 15, 16.<br \/>7\u00a0<a href=\"https:\/\/www.spolek-historiesuchdola.cz\/wp-content\/uploads\/2024\/06\/Navstevy-M.Khun-SL_2_2024-8-scaled.jpg\" target=\"_blank\" rel=\"noreferrer noopener\">\u00dasp\u011b\u0161n\u00e9 p\u00e1tr\u00e1n\u00ed po potomc\u00edch suchdolsk\u00fdch hrdin\u016f<\/a><br \/>\u2026Spolek historie Suchdola, SL 2024\/2, str. 8.<br \/>6\u00a0<a href=\"https:\/\/www.spolek-historiesuchdola.cz\/wp-content\/uploads\/2023\/09\/Historie-Suchdola-na-cedulkach_03_2023-19.jpg\" target=\"_blank\" rel=\"noreferrer noopener\">Historie Suchola na cedulk\u00e1ch<\/a><br \/>\u2026J. J\u00e1nsk\u00fd, SL 2023\/3 str. 19<br \/>5\u00a0<a href=\"https:\/\/www.spolek-historiesuchdola.cz\/wp-content\/uploads\/2023\/06\/S-Josefem-Janskym.pdf\" target=\"_blank\" rel=\"noreferrer noopener sponsored nofollow\">O Brandejsov\u011b dvoru a historii Suchdola s Josefem J\u00e1nsk\u00fdm<\/a><br \/>\u2026P. Brad\u00e1\u010dov\u00e1, J. J\u00e1nsk\u00fd, SL 2023\/2, str. 8-9.<br \/>4\u00a0<a href=\"https:\/\/www.spolek-historiesuchdola.cz\/wp-content\/uploads\/2023\/06\/Suchdolsti-historici-Brandejsuv-dvur.pdf\" target=\"_blank\" rel=\"noreferrer noopener\">Suchdol\u0161t\u00ed historici cht\u011bj\u00ed zachr\u00e1nit Brandejs\u016fv dv\u016fr<\/a><br \/>\u2026H. B\u00ednov\u00e1, P. Wendelov\u00e1, SL 2023\/2, str. 4-6.<br \/>3\u00a0<a href=\"https:\/\/www.spolek-historiesuchdola.cz\/wp-content\/uploads\/2023\/06\/SL_042022-20-remesla-scaled.jpg\" target=\"_blank\" rel=\"noreferrer noopener\">Z historie \u0159emesel a \u017eivnost\u00ed na Suchdole<\/a><br \/>\u2026J. J\u00e1nsk\u00fd, SL 2022\/4, str. 20.<br \/>2\u00a0<a href=\"https:\/\/www.spolek-historiesuchdola.cz\/wp-content\/uploads\/2022\/09\/Novy-such-spolek-SL_02_2022-12-scaled.jpg\" target=\"_blank\" rel=\"noreferrer noopener\">Nov\u00fd suchdolsk\u00fd Spolek historie Suchdola<\/a><br \/>\u2026H. B\u00ednov\u00e1, P. Wendelov\u00e1, SL 2022\/2 str. 12.<br \/>1\u00a0<a href=\"https:\/\/www.spolek-historiesuchdola.cz\/wp-content\/uploads\/2022\/03\/SL_1-2022-web-9-scaled.jpg\" target=\"_blank\" rel=\"noreferrer noopener\">Nov\u00fd suchdolsk\u00fd spolek z\u00e1jemc\u016f o historii<\/a><br \/>\u2026H. B\u00ednov\u00e1, P. Wendelov\u00e1, SL 2022\/1 str. 9.<\/p>\t\t\t\t\t\t\t\t<\/div>\n\t\t\t\t<\/div>\n\t\t\t\t\t<\/div>\n\t\t\t\t<\/div>\n\t\t\t\t<\/div>\n\t\t","protected":false},"excerpt":{"rendered":"<p>Autorsk\u00e9 \u010dl\u00e1nky 9\u00a0Obnova Brandejsova dvora ji\u017e \u017eije v projektech\u2026J. J\u00e1nsk\u00fd, SL 2024\/4, str. 16.8\u00a0Z\u00e1chrana Brandejsova dvora\u2013aktu\u00e1ln\u00ed v\u00fdvoj\u2026H. B\u00ednov\u00e1, P. Wendelov\u00e1, [&hellip;]<\/p>\n","protected":false},"author":1,"featured_media":0,"parent":0,"menu_order":0,"comment_status":"closed","ping_status":"closed","template":"","meta":{"site-sidebar-layout":"no-sidebar","site-content-layout":"","ast-site-content-layout":"full-width-container","site-content-style":"default","site-sidebar-style":"default","ast-global-header-display":"","ast-banner-title-visibility":"","ast-main-header-display":"","ast-hfb-above-header-display":"","ast-hfb-below-header-display":"","ast-hfb-mobile-header-display":"","site-post-title":"","ast-breadcrumbs-content":"","ast-featured-img":"disabled","footer-sml-layout":"","ast-disable-related-posts":"","theme-transparent-header-meta":"","adv-header-id-meta":"","stick-header-meta":"","header-above-stick-meta":"","header-main-stick-meta":"","header-below-stick-meta":"","astra-migrate-meta-layouts":"default","ast-page-background-enabled":"default","ast-page-background-meta":{"desktop":{"background-color":"var(--ast-global-color-5)","background-image":"","background-repeat":"repeat","background-position":"center center","background-size":"auto","background-attachment":"scroll","background-type":"","background-media":"","overlay-type":"","overlay-color":"","overlay-opacity":"","overlay-gradient":""},"tablet":{"background-color":"","background-image":"","background-repeat":"repeat","background-position":"center center","background-size":"auto","background-attachment":"scroll","background-type":"","background-media":"","overlay-type":"","overlay-color":"","overlay-opacity":"","overlay-gradient":""},"mobile":{"background-color":"","background-image":"","background-repeat":"repeat","background-position":"center center","background-size":"auto","background-attachment":"scroll","background-type":"","background-media":"","overlay-type":"","overlay-color":"","overlay-opacity":"","overlay-gradient":""}},"ast-content-background-meta":{"desktop":{"background-color":"var(--ast-global-color-4)","background-image":"","background-repeat":"repeat","background-position":"center center","background-size":"auto","background-attachment":"scroll","background-type":"","background-media":"","overlay-type":"","overlay-color":"","overlay-opacity":"","overlay-gradient":""},"tablet":{"background-color":"var(--ast-global-color-4)","background-image":"","background-repeat":"repeat","background-position":"center center","background-size":"auto","background-attachment":"scroll","background-type":"","background-media":"","overlay-type":"","overlay-color":"","overlay-opacity":"","overlay-gradient":""},"mobile":{"background-color":"var(--ast-global-color-4)","background-image":"","background-repeat":"repeat","background-position":"center center","background-size":"auto","background-attachment":"scroll","background-type":"","background-media":"","overlay-type":"","overlay-color":"","overlay-opacity":"","overlay-gradient":""}},"footnotes":""},"class_list":["post-690","page","type-page","status-publish","hentry"],"_links":{"self":[{"href":"https:\/\/josworking.cz\/index.php?rest_route=\/wp\/v2\/pages\/690","targetHints":{"allow":["GET"]}}],"collection":[{"href":"https:\/\/josworking.cz\/index.php?rest_route=\/wp\/v2\/pages"}],"about":[{"href":"https:\/\/josworking.cz\/index.php?rest_route=\/wp\/v2\/types\/page"}],"author":[{"embeddable":true,"href":"https:\/\/josworking.cz\/index.php?rest_route=\/wp\/v2\/users\/1"}],"replies":[{"embeddable":true,"href":"https:\/\/josworking.cz\/index.php?rest_route=%2Fwp%2Fv2%2Fcomments&post=690"}],"version-history":[{"count":10,"href":"https:\/\/josworking.cz\/index.php?rest_route=\/wp\/v2\/pages\/690\/revisions"}],"predecessor-version":[{"id":797,"href":"https:\/\/josworking.cz\/index.php?rest_route=\/wp\/v2\/pages\/690\/revisions\/797"}],"wp:attachment":[{"href":"https:\/\/josworking.cz\/index.php?rest_route=%2Fwp%2Fv2%2Fmedia&parent=690"}],"curies":[{"name":"wp","href":"https:\/\/api.w.org\/{rel}","templated":true}]}}