{"id":691,"date":"2026-03-29T13:06:53","date_gmt":"2026-03-29T13:06:53","guid":{"rendered":"https:\/\/josworking.cz\/?page_id=691"},"modified":"2026-04-02T04:56:50","modified_gmt":"2026-04-02T04:56:50","slug":"publikacni-cinnost","status":"publish","type":"page","link":"https:\/\/josworking.cz\/?page_id=691","title":{"rendered":"Publika\u010dn\u00ed \u010dinnost"},"content":{"rendered":"\t\t<div data-elementor-type=\"wp-page\" data-elementor-id=\"691\" class=\"elementor elementor-691\">\n\t\t\t\t<div class=\"elementor-element elementor-element-267aedce e-flex e-con-boxed e-con e-parent\" data-id=\"267aedce\" data-element_type=\"container\">\n\t\t\t\t\t<div class=\"e-con-inner\">\n\t\t\t\t<div class=\"elementor-element elementor-element-44a0f1c5 elementor-widget elementor-widget-text-editor\" data-id=\"44a0f1c5\" data-element_type=\"widget\" data-widget_type=\"text-editor.default\">\n\t\t\t\t<div class=\"elementor-widget-container\">\n\t\t\t\t\t\t\t\t\t\n<figure class=\"wp-block-image is-resized\"><a href=\"https:\/\/www.spolek-historiesuchdola.cz\/wp-content\/uploads\/2025\/03\/Historie-Suchdola-ve-fotografiich-obalka-2.jpg\" target=\"_blank\" rel=\"noreferrer noopener\"><img decoding=\"async\" class=\"wp-image-4606\" style=\"aspect-ratio: 0.75512 \/ 1; width: 193px; height: 255px;\" src=\"https:\/\/www.spolek-historiesuchdola.cz\/wp-content\/uploads\/2025\/03\/Historie-Suchdola-ve-fotografiich-obalka-2-700x927.jpg\" alt=\"\" \/><\/a><\/figure>\n\n<p><strong>Historie Suchdola ve fotografi\u00edch<\/strong><\/p>\n\n<p>Helena B\u00ednov\u00e1, Josef J\u00e1nsk\u00fd, Bohumil Sommer, Petra Wendelov\u00e1, 2025.<br \/><a href=\"https:\/\/www.spolek-historiesuchdola.cz\/wp-content\/uploads\/2025\/03\/Spolek_HS_pozvanka_na_krest_A3.jpg\" target=\"_blank\" rel=\"noreferrer noopener\">Pozv\u00e1nka na k\u0159est knihy.<\/a><br \/><a href=\"https:\/\/www.spolek-historiesuchdola.cz\/krest-knihy\/\">K\u0159est knihy, 19.3.2025<\/a>\u00a0fotogalerie.<br \/><a href=\"https:\/\/spolek-historiesuchdola.cz\/odezvy\/\">Odezvy<\/a><br \/>Knihu je mo\u017en\u00e9 zakoupit.<br \/>Kontaktujte redakci: info@spolek-historiesuchdola.cz.<\/p>\n\n<figure class=\"wp-block-image is-resized\"><a href=\"https:\/\/www.spolek-historiesuchdola.cz\/wp-content\/uploads\/2021\/09\/Historie-Brandejsova-statku.jpg\" target=\"_blank\" rel=\"noreferrer noopener\"><img decoding=\"async\" class=\"wp-image-1607\" style=\"aspect-ratio: 0.707229 \/ 1; width: 201px; height: 284px;\" src=\"https:\/\/www.spolek-historiesuchdola.cz\/wp-content\/uploads\/2021\/09\/Historie-Brandejsova-statku.jpg\" alt=\"\" \/><\/a><\/figure>\n\n<p><strong>Historie Brandejsova statku v d\u011bjinn\u00fdch souvislostech<\/strong><\/p>\n\n<p>Helena B\u00ednov\u00e1, Josef J\u00e1nsk\u00fd, Bohumil Sommer, 2021.<br \/>Kniha vydan\u00e1 p\u0159ed zalo\u017een\u00edm spolku. Dva auto\u0159i jsou zakl\u00e1daj\u00edc\u00edmi \u010dleny spolku.<\/p>\n\n<p><a href=\"https:\/\/bookla.cz\/eshop\/produkt\/historie-brandejsova-statku-v-dejinnych-souvislostech\" target=\"_blank\" rel=\"noreferrer noopener\">Knihu je mo\u017en\u00e9 zakoupit\u00a0<\/a>(Eshop knih Bookla)<\/p>\n\t\t\t\t\t\t\t\t<\/div>\n\t\t\t\t<\/div>\n\t\t\t\t\t<\/div>\n\t\t\t\t<\/div>\n\t\t<div class=\"elementor-element elementor-element-5bda4ff e-flex e-con-boxed e-con e-parent\" data-id=\"5bda4ff\" data-element_type=\"container\">\n\t\t\t\t\t<div class=\"e-con-inner\">\n\t\t<div class=\"elementor-element elementor-element-bc0bf13 e-con-full e-flex e-con e-child\" data-id=\"bc0bf13\" data-element_type=\"container\">\n\t\t\t\t<div class=\"elementor-element elementor-element-6a536de elementor-widget__width-initial elementor-widget elementor-widget-text-editor\" data-id=\"6a536de\" data-element_type=\"widget\" data-widget_type=\"text-editor.default\">\n\t\t\t\t<div class=\"elementor-widget-container\">\n\t\t\t\t\t\t\t\t\t\n<figure class=\"wp-block-image is-resized\"><a href=\"https:\/\/www.spolek-historiesuchdola.cz\/wp-content\/uploads\/2025\/03\/Historie-Suchdola-ve-fotografiich-obalka-2.jpg\" target=\"_blank\" rel=\"noreferrer noopener\"><img decoding=\"async\" class=\"wp-image-4606\" style=\"aspect-ratio: 0.75512 \/ 1; width: 193px; height: 255px;\" src=\"https:\/\/www.spolek-historiesuchdola.cz\/wp-content\/uploads\/2025\/03\/Historie-Suchdola-ve-fotografiich-obalka-2-700x927.jpg\" alt=\"\" \/><\/a><\/figure>\n\n<p><strong>Historie Suchdola ve fotografi\u00edch<\/strong><\/p>\n\n<p>\u00a0<\/p>\n\t\t\t\t\t\t\t\t<\/div>\n\t\t\t\t<\/div>\n\t\t\t\t<div class=\"elementor-element elementor-element-0af1bd9 elementor-widget elementor-widget-image\" data-id=\"0af1bd9\" data-element_type=\"widget\" data-widget_type=\"image.default\">\n\t\t\t\t<div class=\"elementor-widget-container\">\n\t\t\t\t\t\t\t\t\t\t\t\t\t\t\t<img decoding=\"async\" width=\"1\" height=\"1\" src=\"https:\/\/josworking.cz\/wp-content\/uploads\/elementor\/screenshots\/Elementor-post-screenshot_260_2023-12-24-12-16-25_46fd7ee.png\" class=\"attachment-large size-large wp-image-341\" alt=\"\" \/>\t\t\t\t\t\t\t\t\t\t\t\t\t\t\t<\/div>\n\t\t\t\t<\/div>\n\t\t\t\t<\/div>\n\t\t<div class=\"elementor-element elementor-element-1c69637 e-con-full e-flex e-con e-child\" data-id=\"1c69637\" data-element_type=\"container\">\n\t\t<div class=\"elementor-element elementor-element-03a2690 e-con-full e-flex e-con e-child\" data-id=\"03a2690\" data-element_type=\"container\">\n\t\t\t\t<\/div>\n\t\t\t\t<\/div>\n\t\t\t\t\t<\/div>\n\t\t\t\t<\/div>\n\t\t\t\t<\/div>\n\t\t","protected":false},"excerpt":{"rendered":"<p>Historie Suchdola ve fotografi\u00edch Helena B\u00ednov\u00e1, Josef J\u00e1nsk\u00fd, Bohumil Sommer, Petra Wendelov\u00e1, 2025.Pozv\u00e1nka na k\u0159est knihy.K\u0159est knihy, 19.3.2025\u00a0fotogalerie.OdezvyKnihu je mo\u017en\u00e9 [&hellip;]<\/p>\n","protected":false},"author":1,"featured_media":0,"parent":0,"menu_order":0,"comment_status":"closed","ping_status":"closed","template":"","meta":{"site-sidebar-layout":"default","site-content-layout":"","ast-site-content-layout":"default","site-content-style":"default","site-sidebar-style":"default","ast-global-header-display":"","ast-banner-title-visibility":"","ast-main-header-display":"","ast-hfb-above-header-display":"","ast-hfb-below-header-display":"","ast-hfb-mobile-header-display":"","site-post-title":"","ast-breadcrumbs-content":"","ast-featured-img":"","footer-sml-layout":"","ast-disable-related-posts":"","theme-transparent-header-meta":"","adv-header-id-meta":"","stick-header-meta":"","header-above-stick-meta":"","header-main-stick-meta":"","header-below-stick-meta":"","astra-migrate-meta-layouts":"default","ast-page-background-enabled":"default","ast-page-background-meta":{"desktop":{"background-color":"var(--ast-global-color-5)","background-image":"","background-repeat":"repeat","background-position":"center center","background-size":"auto","background-attachment":"scroll","background-type":"","background-media":"","overlay-type":"","overlay-color":"","overlay-opacity":"","overlay-gradient":""},"tablet":{"background-color":"","background-image":"","background-repeat":"repeat","background-position":"center center","background-size":"auto","background-attachment":"scroll","background-type":"","background-media":"","overlay-type":"","overlay-color":"","overlay-opacity":"","overlay-gradient":""},"mobile":{"background-color":"","background-image":"","background-repeat":"repeat","background-position":"center center","background-size":"auto","background-attachment":"scroll","background-type":"","background-media":"","overlay-type":"","overlay-color":"","overlay-opacity":"","overlay-gradient":""}},"ast-content-background-meta":{"desktop":{"background-color":"var(--ast-global-color-4)","background-image":"","background-repeat":"repeat","background-position":"center center","background-size":"auto","background-attachment":"scroll","background-type":"","background-media":"","overlay-type":"","overlay-color":"","overlay-opacity":"","overlay-gradient":""},"tablet":{"background-color":"var(--ast-global-color-4)","background-image":"","background-repeat":"repeat","background-position":"center center","background-size":"auto","background-attachment":"scroll","background-type":"","background-media":"","overlay-type":"","overlay-color":"","overlay-opacity":"","overlay-gradient":""},"mobile":{"background-color":"var(--ast-global-color-4)","background-image":"","background-repeat":"repeat","background-position":"center center","background-size":"auto","background-attachment":"scroll","background-type":"","background-media":"","overlay-type":"","overlay-color":"","overlay-opacity":"","overlay-gradient":""}},"footnotes":""},"class_list":["post-691","page","type-page","status-publish","hentry"],"_links":{"self":[{"href":"https:\/\/josworking.cz\/index.php?rest_route=\/wp\/v2\/pages\/691","targetHints":{"allow":["GET"]}}],"collection":[{"href":"https:\/\/josworking.cz\/index.php?rest_route=\/wp\/v2\/pages"}],"about":[{"href":"https:\/\/josworking.cz\/index.php?rest_route=\/wp\/v2\/types\/page"}],"author":[{"embeddable":true,"href":"https:\/\/josworking.cz\/index.php?rest_route=\/wp\/v2\/users\/1"}],"replies":[{"embeddable":true,"href":"https:\/\/josworking.cz\/index.php?rest_route=%2Fwp%2Fv2%2Fcomments&post=691"}],"version-history":[{"count":11,"href":"https:\/\/josworking.cz\/index.php?rest_route=\/wp\/v2\/pages\/691\/revisions"}],"predecessor-version":[{"id":791,"href":"https:\/\/josworking.cz\/index.php?rest_route=\/wp\/v2\/pages\/691\/revisions\/791"}],"wp:attachment":[{"href":"https:\/\/josworking.cz\/index.php?rest_route=%2Fwp%2Fv2%2Fmedia&parent=691"}],"curies":[{"name":"wp","href":"https:\/\/api.w.org\/{rel}","templated":true}]}}